{"id":1862,"date":"2022-02-10T11:34:27","date_gmt":"2022-02-10T11:34:27","guid":{"rendered":"https:\/\/uks-dev-app-edfmancz-001.azurewebsites.net\/?page_id=1862"},"modified":"2022-02-14T16:49:57","modified_gmt":"2022-02-14T16:49:57","slug":"technical-en","status":"publish","type":"page","link":"https:\/\/edfman.hu\/en\/technical-en\/","title":{"rendered":"Technical en"},"content":{"rendered":"<div id=\"information\" class=\"fusion-container-anchor\"><div class=\"fusion-fullwidth fullwidth-box fusion-builder-row-1 fusion-flex-container nonhundred-percent-fullwidth non-hundred-percent-height-scrolling\" style=\"--awb-border-radius-top-left:0px;--awb-border-radius-top-right:0px;--awb-border-radius-bottom-right:0px;--awb-border-radius-bottom-left:0px;--awb-padding-top:40px;--awb-padding-bottom:10px;--awb-background-color:#ffffff;--awb-flex-wrap:wrap;\" ><div class=\"fusion-builder-row fusion-row fusion-flex-align-items-flex-start fusion-flex-content-wrap\" style=\"max-width:1216.8px;margin-left: calc(-4% \/ 2 );margin-right: calc(-4% \/ 2 );\"><div class=\"fusion-layout-column fusion_builder_column fusion-builder-column-0 fusion_builder_column_1_2 1_2 fusion-flex-column\" style=\"--awb-bg-size:cover;--awb-width-large:50%;--awb-margin-top-large:0px;--awb-spacing-right-large:3.84%;--awb-margin-bottom-large:20px;--awb-spacing-left-large:3.84%;--awb-width-medium:100%;--awb-order-medium:0;--awb-spacing-right-medium:1.92%;--awb-spacing-left-medium:1.92%;--awb-width-small:100%;--awb-order-small:0;--awb-spacing-right-small:1.92%;--awb-spacing-left-small:1.92%;\"><div class=\"fusion-column-wrapper fusion-column-has-shadow fusion-flex-justify-content-flex-start fusion-content-layout-column\"><div class=\"fusion-text fusion-text-1\"><h2>Technical<\/h2>\n<\/div><div class=\"fusion-text fusion-text-2\"><p>We are committed to share our international knowledge on the advantages of sugar supplementation in Hungary as well. Regularly, we publish articles in the HIRLEV\u00c9L of \u00c1llatteny\u00e9szt\u00e9si Teljes\u00edtm\u00e9nyvizsg\u00e1l\u00f3 kft. and participate on their seminars as guest and presenters. The 4 scientific articles were published in there in 2016 and 2017.<\/p>\n<p><a href=\"\/wp-content\/uploads\/2022\/02\/Molasses-based-liquid-feed.pdf\" target=\"_blank\" rel=\"noopener noreferrer\">Molasses based liquid feed (pdf)<\/a><\/p>\n<p><a href=\"\/wp-content\/uploads\/2022\/02\/naturally-occurring-sugars.pdf\" target=\"_blank\" rel=\"noopener noreferrer\">Naturally occurring sugars (pdf)<\/a><\/p>\n<p><a href=\"\/wp-content\/uploads\/2022\/02\/Effect-of-six-sugary-supplements-on-fiber-digestibility-and-milk-production.pdf\" target=\"_blank\" rel=\"noopener noreferrer\">Effect of six-sugary supplements on fiber digestibility and milk production (pdf)<\/a><\/p>\n<p><a href=\"\/wp-content\/uploads\/2022\/02\/Nemzetkozi_Luiza-1.pdf\" target=\"_blank\" rel=\"noopener noreferrer\">The effects of sugars on ruminal ph (pdf)<\/a><\/p>\n<\/div><\/div><\/div><div class=\"fusion-layout-column fusion_builder_column fusion-builder-column-1 fusion_builder_column_1_2 1_2 fusion-flex-column fusion-flex-align-self-center\" style=\"--awb-bg-size:cover;--awb-width-large:50%;--awb-margin-top-large:0px;--awb-spacing-right-large:3.84%;--awb-margin-bottom-large:20px;--awb-spacing-left-large:3.84%;--awb-width-medium:100%;--awb-order-medium:0;--awb-spacing-right-medium:1.92%;--awb-spacing-left-medium:1.92%;--awb-width-small:100%;--awb-order-small:0;--awb-spacing-right-small:1.92%;--awb-spacing-left-small:1.92%;\"><div class=\"fusion-column-wrapper fusion-column-has-shadow fusion-flex-justify-content-center fusion-content-layout-column\"><div class=\"fusion-image-element \" style=\"text-align:center;--awb-caption-title-font-family:var(--h2_typography-font-family);--awb-caption-title-font-weight:var(--h2_typography-font-weight);--awb-caption-title-font-style:var(--h2_typography-font-style);--awb-caption-title-size:var(--h2_typography-font-size);--awb-caption-title-transform:var(--h2_typography-text-transform);--awb-caption-title-line-height:var(--h2_typography-line-height);--awb-caption-title-letter-spacing:var(--h2_typography-letter-spacing);\"><span class=\" fusion-imageframe imageframe-none imageframe-1 hover-type-none\"><img decoding=\"async\" width=\"800\" height=\"481\" title=\"Technical-NoLimitsV2\" src=\"https:\/\/edfman.hu\/wp-content\/uploads\/2022\/02\/Technical-NoLimitsV2.jpg\" data-orig-src=\"https:\/\/edfman.de\/wp-content\/uploads\/2022\/02\/Technical-NoLimitsV2.jpg\" alt class=\"lazyload img-responsive wp-image-2150\" srcset=\"data:image\/svg+xml,%3Csvg%20xmlns%3D%27http%3A%2F%2Fwww.w3.org%2F2000%2Fsvg%27%20width%3D%27800%27%20height%3D%27481%27%20viewBox%3D%270%200%20800%20481%27%3E%3Crect%20width%3D%27800%27%20height%3D%27481%27%20fill-opacity%3D%220%22%2F%3E%3C%2Fsvg%3E\" data-srcset=\"https:\/\/edfman.hu\/wp-content\/uploads\/2022\/02\/Technical-NoLimitsV2-200x120.jpg 200w, https:\/\/edfman.hu\/wp-content\/uploads\/2022\/02\/Technical-NoLimitsV2-400x241.jpg 400w, https:\/\/edfman.hu\/wp-content\/uploads\/2022\/02\/Technical-NoLimitsV2-600x361.jpg 600w, https:\/\/edfman.hu\/wp-content\/uploads\/2022\/02\/Technical-NoLimitsV2.jpg 800w\" data-sizes=\"auto\" data-orig-sizes=\"(max-width: 1024px) 100vw, (max-width: 640px) 100vw, 600px\" \/><\/span><\/div><\/div><\/div><\/div><\/div><\/div>\n","protected":false},"excerpt":{"rendered":"","protected":false},"author":5,"featured_media":0,"parent":0,"menu_order":0,"comment_status":"closed","ping_status":"closed","template":"100-width.php","meta":{"footnotes":""},"class_list":["post-1862","page","type-page","status-publish","hentry"],"aioseo_notices":[],"_links":{"self":[{"href":"https:\/\/edfman.hu\/en\/wp-json\/wp\/v2\/pages\/1862","targetHints":{"allow":["GET"]}}],"collection":[{"href":"https:\/\/edfman.hu\/en\/wp-json\/wp\/v2\/pages"}],"about":[{"href":"https:\/\/edfman.hu\/en\/wp-json\/wp\/v2\/types\/page"}],"author":[{"embeddable":true,"href":"https:\/\/edfman.hu\/en\/wp-json\/wp\/v2\/users\/5"}],"replies":[{"embeddable":true,"href":"https:\/\/edfman.hu\/en\/wp-json\/wp\/v2\/comments?post=1862"}],"version-history":[{"count":4,"href":"https:\/\/edfman.hu\/en\/wp-json\/wp\/v2\/pages\/1862\/revisions"}],"predecessor-version":[{"id":2028,"href":"https:\/\/edfman.hu\/en\/wp-json\/wp\/v2\/pages\/1862\/revisions\/2028"}],"wp:attachment":[{"href":"https:\/\/edfman.hu\/en\/wp-json\/wp\/v2\/media?parent=1862"}],"curies":[{"name":"wp","href":"https:\/\/api.w.org\/{rel}","templated":true}]}}